{"id":665,"date":"2024-04-07T21:55:07","date_gmt":"2024-04-07T21:55:07","guid":{"rendered":"https:\/\/americanmobilitycenter.com\/?page_id=665"},"modified":"2024-04-07T22:01:22","modified_gmt":"2024-04-07T22:01:22","slug":"plan-of-care","status":"publish","type":"page","link":"https:\/\/americanmobilitycenter.com\/?page_id=665","title":{"rendered":"PLAN OF CARE: TREATMENT AND SERVICES"},"content":{"rendered":"<p>PLAN OF CARE: TREATMENT AND SERVICES<\/p>\n<p>Our goal-oriented plan of care is customized to meet your needs. We involve you, your medical supplier, your representative (if any), key professionals and other staff members in developing your individualized plan of care and identifying your specific measurable outcomes and goals.<\/p>\n<p>Your plan order is based upon identified problems, needs, by your physician on the orders for your supplies, care, treatments and services, timeframes, your environment, and your personal goals whenever possible.<\/p>\n<p>Your plan includes but is not limited to a complete assessment by our staff for your medical supplies prior to delivery; a complete consultation and monitoring of your supplies with feedback from you and to your attending physician; and prompt, professional delivery of supplies.<\/p>\n<p>You have the right to refuse any action for your medical supplies. We fully recognize your right to dignity and individuality, including privacy in your treatment and in the care of your personal needs. We will notify you if an additional individual need to be present for your supplies for reasons of safety, education, or supervision.<\/p>\n<p>&nbsp;<\/p>\n<p><strong>PLAN DE ATENCI\u00d3N: TRATAMIENTO Y SERVICIOS<\/strong><\/p>\n<p>&nbsp;<\/p>\n<p>Nuestro plan de atenci\u00f3n orientado a objetivos est\u00e1 personalizado para satisfacer sus necesidades. Lo involucramos a usted, a su proveedor m\u00e9dico, a su representante (si corresponde), a profesionales clave y a otros miembros del personal en el desarrollo de su plan de atenci\u00f3n individualizado y en la identificaci\u00f3n de sus resultados y objetivos mensurables espec\u00edficos.<\/p>\n<p>La orden de su plan se basa en los problemas y necesidades identificados por su m\u00e9dico en las \u00f3rdenes de sus suministros, atenci\u00f3n, tratamientos y servicios, plazos, su entorno y sus objetivos personales, siempre que sea posible.<\/p>\n<p>Su plan incluye, entre otros, una evaluaci\u00f3n completa por parte de nuestro personal de sus suministros m\u00e9dicos antes de la entrega; una consulta completa y un seguimiento de sus suministros con comentarios suyos y de su m\u00e9dico tratante; y entrega r\u00e1pida y profesional de suministros.<\/p>\n<p>Tiene derecho a rechazar cualquier acci\u00f3n por sus suministros m\u00e9dicos. Reconocemos plenamente su derecho a la dignidad y la individualidad, incluida la privacidad en su tratamiento y en la atenci\u00f3n de sus necesidades personales. Le notificaremos si es necesario que una persona adicional est\u00e9 presente para recibir sus suministros por razones de seguridad, educaci\u00f3n o supervisi\u00f3n.<\/p>\n<p>&nbsp;<\/p>\n","protected":false},"excerpt":{"rendered":"<p>PLAN OF CARE: TREATMENT AND SERVICES Our goal-oriented plan of care is customized to meet your needs. We involve you, your medical supplier, your representative (if any), key professionals and other staff members in developing your individualized plan of care and identifying your specific measurable outcomes and goals. Your plan order is based upon identified&#8230;<\/p>\n","protected":false},"author":1,"featured_media":0,"parent":92,"menu_order":0,"comment_status":"closed","ping_status":"closed","template":"","meta":{"_kadence_starter_templates_imported_post":false,"_kad_post_transparent":"","_kad_post_title":"","_kad_post_layout":"","_kad_post_sidebar_id":"","_kad_post_content_style":"","_kad_post_vertical_padding":"","_kad_post_feature":"","_kad_post_feature_position":"","_kad_post_header":false,"_kad_post_footer":false,"_kad_post_classname":"","footnotes":""},"class_list":["post-665","page","type-page","status-publish","hentry"],"yoast_head":"<!-- This site is optimized with the Yoast SEO plugin v25.6 - https:\/\/yoast.com\/wordpress\/plugins\/seo\/ -->\n<title>PLAN OF CARE: TREATMENT AND SERVICES - Summit Services &amp; Supplies<\/title>\n<meta name=\"robots\" content=\"index, follow, max-snippet:-1, max-image-preview:large, max-video-preview:-1\" \/>\n<link rel=\"canonical\" href=\"https:\/\/americanmobilitycenter.com\/?page_id=665\" \/>\n<meta property=\"og:locale\" content=\"en_US\" \/>\n<meta property=\"og:type\" content=\"article\" \/>\n<meta property=\"og:title\" content=\"PLAN OF CARE: TREATMENT AND SERVICES - Summit Services &amp; Supplies\" \/>\n<meta property=\"og:description\" content=\"PLAN OF CARE: TREATMENT AND SERVICES Our goal-oriented plan of care is customized to meet your needs. We involve you, your medical supplier, your representative (if any), key professionals and other staff members in developing your individualized plan of care and identifying your specific measurable outcomes and goals. Your plan order is based upon identified...\" \/>\n<meta property=\"og:url\" content=\"https:\/\/americanmobilitycenter.com\/?page_id=665\" \/>\n<meta property=\"og:site_name\" content=\"Summit Services &amp; Supplies\" \/>\n<meta property=\"article:modified_time\" content=\"2024-04-07T22:01:22+00:00\" \/>\n<meta name=\"twitter:card\" content=\"summary_large_image\" \/>\n<meta name=\"twitter:label1\" content=\"Est. reading time\" \/>\n\t<meta name=\"twitter:data1\" content=\"2 minutes\" \/>\n<script type=\"application\/ld+json\" class=\"yoast-schema-graph\">{\"@context\":\"https:\/\/schema.org\",\"@graph\":[{\"@type\":\"WebPage\",\"@id\":\"https:\/\/americanmobilitycenter.com\/?page_id=665\",\"url\":\"https:\/\/americanmobilitycenter.com\/?page_id=665\",\"name\":\"PLAN OF CARE: TREATMENT AND SERVICES - Summit Services &amp; Supplies\",\"isPartOf\":{\"@id\":\"https:\/\/americanmobilitycenter.com\/#website\"},\"datePublished\":\"2024-04-07T21:55:07+00:00\",\"dateModified\":\"2024-04-07T22:01:22+00:00\",\"breadcrumb\":{\"@id\":\"https:\/\/americanmobilitycenter.com\/?page_id=665#breadcrumb\"},\"inLanguage\":\"en\",\"potentialAction\":[{\"@type\":\"ReadAction\",\"target\":[\"https:\/\/americanmobilitycenter.com\/?page_id=665\"]}]},{\"@type\":\"BreadcrumbList\",\"@id\":\"https:\/\/americanmobilitycenter.com\/?page_id=665#breadcrumb\",\"itemListElement\":[{\"@type\":\"ListItem\",\"position\":1,\"name\":\"Home\",\"item\":\"https:\/\/americanmobilitycenter.com\/\"},{\"@type\":\"ListItem\",\"position\":2,\"name\":\"Our Services\",\"item\":\"https:\/\/americanmobilitycenter.com\/?page_id=92\"},{\"@type\":\"ListItem\",\"position\":3,\"name\":\"PLAN OF CARE: TREATMENT AND SERVICES\"}]},{\"@type\":\"WebSite\",\"@id\":\"https:\/\/americanmobilitycenter.com\/#website\",\"url\":\"https:\/\/americanmobilitycenter.com\/\",\"name\":\"Summit Services &amp; Supplies\",\"description\":\"Your Medical Supplies Wheelchairs Power &amp; Manual\",\"publisher\":{\"@id\":\"https:\/\/americanmobilitycenter.com\/#organization\"},\"potentialAction\":[{\"@type\":\"SearchAction\",\"target\":{\"@type\":\"EntryPoint\",\"urlTemplate\":\"https:\/\/americanmobilitycenter.com\/?s={search_term_string}\"},\"query-input\":{\"@type\":\"PropertyValueSpecification\",\"valueRequired\":true,\"valueName\":\"search_term_string\"}}],\"inLanguage\":\"en\"},{\"@type\":\"Organization\",\"@id\":\"https:\/\/americanmobilitycenter.com\/#organization\",\"name\":\"Summit Services &amp; Supplies\",\"url\":\"https:\/\/americanmobilitycenter.com\/\",\"logo\":{\"@type\":\"ImageObject\",\"inLanguage\":\"en\",\"@id\":\"https:\/\/americanmobilitycenter.com\/#\/schema\/logo\/image\/\",\"url\":\"https:\/\/americanmobilitycenter.com\/wp-content\/uploads\/2025\/08\/cropped-logowheelchairsummit.png\",\"contentUrl\":\"https:\/\/americanmobilitycenter.com\/wp-content\/uploads\/2025\/08\/cropped-logowheelchairsummit.png\",\"width\":500,\"height\":412,\"caption\":\"Summit Services &amp; Supplies\"},\"image\":{\"@id\":\"https:\/\/americanmobilitycenter.com\/#\/schema\/logo\/image\/\"}}]}<\/script>\n<!-- \/ Yoast SEO plugin. -->","yoast_head_json":{"title":"PLAN OF CARE: TREATMENT AND SERVICES - Summit Services &amp; Supplies","robots":{"index":"index","follow":"follow","max-snippet":"max-snippet:-1","max-image-preview":"max-image-preview:large","max-video-preview":"max-video-preview:-1"},"canonical":"https:\/\/americanmobilitycenter.com\/?page_id=665","og_locale":"en_US","og_type":"article","og_title":"PLAN OF CARE: TREATMENT AND SERVICES - Summit Services &amp; Supplies","og_description":"PLAN OF CARE: TREATMENT AND SERVICES Our goal-oriented plan of care is customized to meet your needs. We involve you, your medical supplier, your representative (if any), key professionals and other staff members in developing your individualized plan of care and identifying your specific measurable outcomes and goals. Your plan order is based upon identified...","og_url":"https:\/\/americanmobilitycenter.com\/?page_id=665","og_site_name":"Summit Services &amp; Supplies","article_modified_time":"2024-04-07T22:01:22+00:00","twitter_card":"summary_large_image","twitter_misc":{"Est. reading time":"2 minutes"},"schema":{"@context":"https:\/\/schema.org","@graph":[{"@type":"WebPage","@id":"https:\/\/americanmobilitycenter.com\/?page_id=665","url":"https:\/\/americanmobilitycenter.com\/?page_id=665","name":"PLAN OF CARE: TREATMENT AND SERVICES - Summit Services &amp; Supplies","isPartOf":{"@id":"https:\/\/americanmobilitycenter.com\/#website"},"datePublished":"2024-04-07T21:55:07+00:00","dateModified":"2024-04-07T22:01:22+00:00","breadcrumb":{"@id":"https:\/\/americanmobilitycenter.com\/?page_id=665#breadcrumb"},"inLanguage":"en","potentialAction":[{"@type":"ReadAction","target":["https:\/\/americanmobilitycenter.com\/?page_id=665"]}]},{"@type":"BreadcrumbList","@id":"https:\/\/americanmobilitycenter.com\/?page_id=665#breadcrumb","itemListElement":[{"@type":"ListItem","position":1,"name":"Home","item":"https:\/\/americanmobilitycenter.com\/"},{"@type":"ListItem","position":2,"name":"Our Services","item":"https:\/\/americanmobilitycenter.com\/?page_id=92"},{"@type":"ListItem","position":3,"name":"PLAN OF CARE: TREATMENT AND SERVICES"}]},{"@type":"WebSite","@id":"https:\/\/americanmobilitycenter.com\/#website","url":"https:\/\/americanmobilitycenter.com\/","name":"Summit Services &amp; Supplies","description":"Your Medical Supplies Wheelchairs Power &amp; Manual","publisher":{"@id":"https:\/\/americanmobilitycenter.com\/#organization"},"potentialAction":[{"@type":"SearchAction","target":{"@type":"EntryPoint","urlTemplate":"https:\/\/americanmobilitycenter.com\/?s={search_term_string}"},"query-input":{"@type":"PropertyValueSpecification","valueRequired":true,"valueName":"search_term_string"}}],"inLanguage":"en"},{"@type":"Organization","@id":"https:\/\/americanmobilitycenter.com\/#organization","name":"Summit Services &amp; Supplies","url":"https:\/\/americanmobilitycenter.com\/","logo":{"@type":"ImageObject","inLanguage":"en","@id":"https:\/\/americanmobilitycenter.com\/#\/schema\/logo\/image\/","url":"https:\/\/americanmobilitycenter.com\/wp-content\/uploads\/2025\/08\/cropped-logowheelchairsummit.png","contentUrl":"https:\/\/americanmobilitycenter.com\/wp-content\/uploads\/2025\/08\/cropped-logowheelchairsummit.png","width":500,"height":412,"caption":"Summit Services &amp; Supplies"},"image":{"@id":"https:\/\/americanmobilitycenter.com\/#\/schema\/logo\/image\/"}}]}},"_links":{"self":[{"href":"https:\/\/americanmobilitycenter.com\/index.php?rest_route=\/wp\/v2\/pages\/665","targetHints":{"allow":["GET"]}}],"collection":[{"href":"https:\/\/americanmobilitycenter.com\/index.php?rest_route=\/wp\/v2\/pages"}],"about":[{"href":"https:\/\/americanmobilitycenter.com\/index.php?rest_route=\/wp\/v2\/types\/page"}],"author":[{"embeddable":true,"href":"https:\/\/americanmobilitycenter.com\/index.php?rest_route=\/wp\/v2\/users\/1"}],"replies":[{"embeddable":true,"href":"https:\/\/americanmobilitycenter.com\/index.php?rest_route=%2Fwp%2Fv2%2Fcomments&post=665"}],"version-history":[{"count":3,"href":"https:\/\/americanmobilitycenter.com\/index.php?rest_route=\/wp\/v2\/pages\/665\/revisions"}],"predecessor-version":[{"id":669,"href":"https:\/\/americanmobilitycenter.com\/index.php?rest_route=\/wp\/v2\/pages\/665\/revisions\/669"}],"up":[{"embeddable":true,"href":"https:\/\/americanmobilitycenter.com\/index.php?rest_route=\/wp\/v2\/pages\/92"}],"wp:attachment":[{"href":"https:\/\/americanmobilitycenter.com\/index.php?rest_route=%2Fwp%2Fv2%2Fmedia&parent=665"}],"curies":[{"name":"wp","href":"https:\/\/api.w.org\/{rel}","templated":true}]}}