{"id":111,"date":"2022-10-04T15:55:45","date_gmt":"2022-10-04T15:55:45","guid":{"rendered":"https:\/\/americanmobilitycenter.com\/?page_id=111"},"modified":"2023-11-09T19:31:46","modified_gmt":"2023-11-09T19:31:46","slug":"contact-us","status":"publish","type":"page","link":"https:\/\/americanmobilitycenter.com\/?page_id=111","title":{"rendered":"Contact us"},"content":{"rendered":"<p>Leave us a message here or call 888-877-2993<\/p>\n<p>Fax 307-316-2910.<\/p>\n<p>RX Fax 855-927-3434<\/p>\n<p>email us at info@summitservicesusa.com<\/p>\n<div class=\"wpforms-container wpforms-container-full\" id=\"wpforms-112\"><form id=\"wpforms-form-112\" class=\"wpforms-validate wpforms-form wpforms-ajax-form\" data-formid=\"112\" method=\"post\" enctype=\"multipart\/form-data\" action=\"\/index.php?rest_route=%2Fwp%2Fv2%2Fpages%2F111\" data-token=\"3387773d89b5a958018bf75a38a05b28\" data-token-time=\"1777299287\"><div class=\"wpforms-head-container\"><div class=\"wpforms-title\">Contact us<\/div><\/div><noscript class=\"wpforms-error-noscript\">Please enable JavaScript in your browser to complete this form.<\/noscript><div class=\"wpforms-field-container\"><div id=\"wpforms-112-field_0-container\" class=\"wpforms-field wpforms-field-name\" data-field-id=\"0\"><label class=\"wpforms-field-label\">Name <span class=\"wpforms-required-label\">*<\/span><\/label><div class=\"wpforms-field-row wpforms-field-medium\"><div class=\"wpforms-field-row-block wpforms-first wpforms-one-half\"><input type=\"text\" id=\"wpforms-112-field_0\" class=\"wpforms-field-name-first wpforms-field-required\" name=\"wpforms[fields][0][first]\" required><label for=\"wpforms-112-field_0\" class=\"wpforms-field-sublabel after\">First<\/label><\/div><div class=\"wpforms-field-row-block wpforms-one-half\"><input type=\"text\" id=\"wpforms-112-field_0-last\" class=\"wpforms-field-name-last wpforms-field-required\" name=\"wpforms[fields][0][last]\" required><label for=\"wpforms-112-field_0-last\" class=\"wpforms-field-sublabel after\">Last<\/label><\/div><\/div><\/div><div id=\"wpforms-112-field_1-container\" class=\"wpforms-field wpforms-field-email\" data-field-id=\"1\"><label class=\"wpforms-field-label\" for=\"wpforms-112-field_1\">Email <span class=\"wpforms-required-label\">*<\/span><\/label><input type=\"email\" id=\"wpforms-112-field_1\" class=\"wpforms-field-medium wpforms-field-required\" name=\"wpforms[fields][1]\" spellcheck=\"false\" required><\/div><div id=\"wpforms-112-field_3-container\" class=\"wpforms-field wpforms-field-number\" data-field-id=\"3\"><label class=\"wpforms-field-label\" for=\"wpforms-112-field_3\">Phone Contact<\/label><input type=\"number\" id=\"wpforms-112-field_3\" class=\"wpforms-field-medium\" name=\"wpforms[fields][3]\" step=\"any\" ><\/div><div id=\"wpforms-112-field_4-container\" class=\"wpforms-field wpforms-field-select wpforms-field-select-style-classic\" data-field-id=\"4\"><label class=\"wpforms-field-label\" for=\"wpforms-112-field_4\">Contact me <\/label><select id=\"wpforms-112-field_4\" class=\"wpforms-field-medium\" name=\"wpforms[fields][4]\"><option value=\"Catheters\"  class=\"choice-1 depth-1\"  >Catheters<\/option><option value=\"Wound Supplies\"  class=\"choice-2 depth-1\"  >Wound Supplies<\/option><option value=\"Referral from Providers Office\"  class=\"choice-4 depth-1\"  >Referral from Providers Office<\/option><option value=\"More Info\"  class=\"choice-3 depth-1\"  >More Info<\/option><option value=\"Enteral Nutrition\"  class=\"choice-5 depth-1\"  >Enteral Nutrition<\/option><\/select><\/div><div id=\"wpforms-112-field_2-container\" class=\"wpforms-field wpforms-field-textarea\" data-field-id=\"2\"><label class=\"wpforms-field-label\" for=\"wpforms-112-field_2\">Comment or Message<\/label><textarea id=\"wpforms-112-field_2\" class=\"wpforms-field-medium\" name=\"wpforms[fields][2]\" ><\/textarea><\/div><\/div><!-- .wpforms-field-container --><div class=\"wpforms-submit-container\" ><input type=\"hidden\" name=\"wpforms[id]\" value=\"112\"><input type=\"hidden\" name=\"page_title\" value=\"\"><input type=\"hidden\" name=\"page_url\" value=\"https:\/\/americanmobilitycenter.com\/index.php?rest_route=\/wp\/v2\/pages\/111\"><input type=\"hidden\" name=\"url_referer\" value=\"\"><button type=\"submit\" name=\"wpforms[submit]\" id=\"wpforms-submit-112\" class=\"wpforms-submit\" data-alt-text=\"Sending...\" data-submit-text=\"Submit\" aria-live=\"assertive\" value=\"wpforms-submit\">Submit<\/button><img loading=\"lazy\" decoding=\"async\" src=\"https:\/\/americanmobilitycenter.com\/wp-content\/plugins\/wpforms-lite\/assets\/images\/submit-spin.svg\" class=\"wpforms-submit-spinner\" style=\"display: none;\" width=\"26\" height=\"26\" alt=\"Loading\"><\/div><\/form><\/div>  <!-- .wpforms-container -->\n<div class=\"wpforms-container wpforms-container-full\" id=\"wpforms-585\"><form id=\"wpforms-form-585\" class=\"wpforms-validate wpforms-form wpforms-ajax-form\" data-formid=\"585\" method=\"post\" enctype=\"multipart\/form-data\" action=\"\/index.php?rest_route=%2Fwp%2Fv2%2Fpages%2F111\" data-token=\"d156581f6b86f848b3d89b24130631ac\" data-token-time=\"1777299287\"><noscript class=\"wpforms-error-noscript\">Please enable JavaScript in your browser to complete this form.<\/noscript><div class=\"wpforms-field-container\"><div id=\"wpforms-585-field_1-container\" class=\"wpforms-field wpforms-field-text\" data-field-id=\"1\"><label class=\"wpforms-field-label\" for=\"wpforms-585-field_1\">Nombre <span class=\"wpforms-required-label\">*<\/span><\/label><input type=\"text\" id=\"wpforms-585-field_1\" class=\"wpforms-field-medium wpforms-field-required\" name=\"wpforms[fields][1]\" required><\/div><div id=\"wpforms-585-field_2-container\" class=\"wpforms-field wpforms-field-text\" data-field-id=\"2\"><label class=\"wpforms-field-label\" for=\"wpforms-585-field_2\">DIRECCI\u00d3N <span class=\"wpforms-required-label\">*<\/span><\/label><input type=\"text\" id=\"wpforms-585-field_2\" class=\"wpforms-field-medium wpforms-field-required\" name=\"wpforms[fields][2]\" required><\/div><div id=\"wpforms-585-field_3-container\" class=\"wpforms-field wpforms-field-text\" data-field-id=\"3\"><label class=\"wpforms-field-label\" for=\"wpforms-585-field_3\">Ciudad <span class=\"wpforms-required-label\">*<\/span><\/label><input type=\"text\" id=\"wpforms-585-field_3\" class=\"wpforms-field-medium wpforms-field-required\" name=\"wpforms[fields][3]\" required><\/div><div id=\"wpforms-585-field_4-container\" class=\"wpforms-field wpforms-field-text\" data-field-id=\"4\"><label class=\"wpforms-field-label\" for=\"wpforms-585-field_4\">Estado. c\u00f3digo postal <span class=\"wpforms-required-label\">*<\/span><\/label><input type=\"text\" id=\"wpforms-585-field_4\" class=\"wpforms-field-medium wpforms-field-required\" name=\"wpforms[fields][4]\" required><\/div><div id=\"wpforms-585-field_5-container\" class=\"wpforms-field wpforms-field-text\" data-field-id=\"5\"><label class=\"wpforms-field-label\" for=\"wpforms-585-field_5\">Tel\u00e9fono <span class=\"wpforms-required-label\">*<\/span><\/label><input type=\"text\" id=\"wpforms-585-field_5\" class=\"wpforms-field-medium wpforms-field-required\" name=\"wpforms[fields][5]\" required><\/div><div id=\"wpforms-585-field_6-container\" class=\"wpforms-field wpforms-field-text\" data-field-id=\"6\"><label class=\"wpforms-field-label\" for=\"wpforms-585-field_6\">Cel\u00fala<\/label><input type=\"text\" id=\"wpforms-585-field_6\" class=\"wpforms-field-medium\" name=\"wpforms[fields][6]\" ><\/div><div id=\"wpforms-585-field_7-container\" class=\"wpforms-field wpforms-field-text\" data-field-id=\"7\"><label class=\"wpforms-field-label\" for=\"wpforms-585-field_7\">Seguro Primario <span class=\"wpforms-required-label\">*<\/span><\/label><input type=\"text\" id=\"wpforms-585-field_7\" class=\"wpforms-field-medium wpforms-field-required\" name=\"wpforms[fields][7]\" required><\/div><div id=\"wpforms-585-field_8-container\" class=\"wpforms-field wpforms-field-text\" data-field-id=\"8\"><label class=\"wpforms-field-label\" for=\"wpforms-585-field_8\">Seguro secundario<\/label><input type=\"text\" id=\"wpforms-585-field_8\" class=\"wpforms-field-medium\" name=\"wpforms[fields][8]\" ><\/div><div id=\"wpforms-585-field_9-container\" class=\"wpforms-field wpforms-field-text\" data-field-id=\"9\"><label class=\"wpforms-field-label\" for=\"wpforms-585-field_9\">Nombre del m\u00e9dico <span class=\"wpforms-required-label\">*<\/span><\/label><input type=\"text\" id=\"wpforms-585-field_9\" class=\"wpforms-field-medium wpforms-field-required\" name=\"wpforms[fields][9]\" required><\/div><div id=\"wpforms-585-field_10-container\" class=\"wpforms-field wpforms-field-text\" data-field-id=\"10\"><label class=\"wpforms-field-label\" for=\"wpforms-585-field_10\">N\u00famero de tel\u00e9fono del m\u00e9dico<\/label><input type=\"text\" id=\"wpforms-585-field_10\" class=\"wpforms-field-medium\" name=\"wpforms[fields][10]\" ><\/div><\/div><!-- .wpforms-field-container --><div class=\"wpforms-submit-container\" ><input type=\"hidden\" name=\"wpforms[id]\" value=\"585\"><input type=\"hidden\" name=\"page_title\" value=\"\"><input type=\"hidden\" name=\"page_url\" value=\"https:\/\/americanmobilitycenter.com\/index.php?rest_route=\/wp\/v2\/pages\/111\"><input type=\"hidden\" name=\"url_referer\" value=\"\"><button type=\"submit\" name=\"wpforms[submit]\" id=\"wpforms-submit-585\" class=\"wpforms-submit\" data-alt-text=\"Sending...\" data-submit-text=\"Submit\" aria-live=\"assertive\" value=\"wpforms-submit\">Submit<\/button><img loading=\"lazy\" decoding=\"async\" src=\"https:\/\/americanmobilitycenter.com\/wp-content\/plugins\/wpforms-lite\/assets\/images\/submit-spin.svg\" class=\"wpforms-submit-spinner\" style=\"display: none;\" width=\"26\" height=\"26\" alt=\"Loading\"><\/div><\/form><\/div>  <!-- .wpforms-container -->\n","protected":false},"excerpt":{"rendered":"<p>Leave us a message here or call 888-877-2993 Fax 307-316-2910. RX Fax 855-927-3434 email us at info@summitservicesusa.com<\/p>\n","protected":false},"author":1,"featured_media":0,"parent":0,"menu_order":0,"comment_status":"closed","ping_status":"closed","template":"","meta":{"_kadence_starter_templates_imported_post":false,"_kad_post_transparent":"","_kad_post_title":"","_kad_post_layout":"","_kad_post_sidebar_id":"","_kad_post_content_style":"","_kad_post_vertical_padding":"","_kad_post_feature":"","_kad_post_feature_position":"","_kad_post_header":false,"_kad_post_footer":false,"_kad_post_classname":"","footnotes":""},"class_list":["post-111","page","type-page","status-publish","hentry"],"yoast_head":"<!-- This site is optimized with the Yoast SEO plugin v25.6 - https:\/\/yoast.com\/wordpress\/plugins\/seo\/ -->\n<title>Contact us - Summit Services &amp; Supplies<\/title>\n<meta name=\"robots\" content=\"index, follow, max-snippet:-1, max-image-preview:large, max-video-preview:-1\" \/>\n<link rel=\"canonical\" href=\"https:\/\/americanmobilitycenter.com\/?page_id=111\" \/>\n<meta property=\"og:locale\" content=\"en_US\" \/>\n<meta property=\"og:type\" content=\"article\" \/>\n<meta property=\"og:title\" content=\"Contact us - Summit Services &amp; Supplies\" \/>\n<meta property=\"og:description\" content=\"Leave us a message here or call 888-877-2993 Fax 307-316-2910. RX Fax 855-927-3434 email us at info@summitservicesusa.com\" \/>\n<meta property=\"og:url\" content=\"https:\/\/americanmobilitycenter.com\/?page_id=111\" \/>\n<meta property=\"og:site_name\" content=\"Summit Services &amp; Supplies\" \/>\n<meta property=\"article:modified_time\" content=\"2023-11-09T19:31:46+00:00\" \/>\n<meta name=\"twitter:card\" content=\"summary_large_image\" \/>\n<meta name=\"twitter:label1\" content=\"Est. reading time\" \/>\n\t<meta name=\"twitter:data1\" content=\"1 minute\" \/>\n<script type=\"application\/ld+json\" class=\"yoast-schema-graph\">{\"@context\":\"https:\/\/schema.org\",\"@graph\":[{\"@type\":\"WebPage\",\"@id\":\"https:\/\/americanmobilitycenter.com\/?page_id=111\",\"url\":\"https:\/\/americanmobilitycenter.com\/?page_id=111\",\"name\":\"Contact us - Summit Services &amp; Supplies\",\"isPartOf\":{\"@id\":\"https:\/\/americanmobilitycenter.com\/#website\"},\"datePublished\":\"2022-10-04T15:55:45+00:00\",\"dateModified\":\"2023-11-09T19:31:46+00:00\",\"breadcrumb\":{\"@id\":\"https:\/\/americanmobilitycenter.com\/?page_id=111#breadcrumb\"},\"inLanguage\":\"en\",\"potentialAction\":[{\"@type\":\"ReadAction\",\"target\":[\"https:\/\/americanmobilitycenter.com\/?page_id=111\"]}]},{\"@type\":\"BreadcrumbList\",\"@id\":\"https:\/\/americanmobilitycenter.com\/?page_id=111#breadcrumb\",\"itemListElement\":[{\"@type\":\"ListItem\",\"position\":1,\"name\":\"Home\",\"item\":\"https:\/\/americanmobilitycenter.com\/\"},{\"@type\":\"ListItem\",\"position\":2,\"name\":\"Contact us\"}]},{\"@type\":\"WebSite\",\"@id\":\"https:\/\/americanmobilitycenter.com\/#website\",\"url\":\"https:\/\/americanmobilitycenter.com\/\",\"name\":\"Summit Services &amp; Supplies\",\"description\":\"Your Medical Supplies Wheelchairs Power &amp; Manual\",\"publisher\":{\"@id\":\"https:\/\/americanmobilitycenter.com\/#organization\"},\"potentialAction\":[{\"@type\":\"SearchAction\",\"target\":{\"@type\":\"EntryPoint\",\"urlTemplate\":\"https:\/\/americanmobilitycenter.com\/?s={search_term_string}\"},\"query-input\":{\"@type\":\"PropertyValueSpecification\",\"valueRequired\":true,\"valueName\":\"search_term_string\"}}],\"inLanguage\":\"en\"},{\"@type\":\"Organization\",\"@id\":\"https:\/\/americanmobilitycenter.com\/#organization\",\"name\":\"Summit Services &amp; Supplies\",\"url\":\"https:\/\/americanmobilitycenter.com\/\",\"logo\":{\"@type\":\"ImageObject\",\"inLanguage\":\"en\",\"@id\":\"https:\/\/americanmobilitycenter.com\/#\/schema\/logo\/image\/\",\"url\":\"https:\/\/americanmobilitycenter.com\/wp-content\/uploads\/2025\/08\/cropped-logowheelchairsummit.png\",\"contentUrl\":\"https:\/\/americanmobilitycenter.com\/wp-content\/uploads\/2025\/08\/cropped-logowheelchairsummit.png\",\"width\":500,\"height\":412,\"caption\":\"Summit Services &amp; Supplies\"},\"image\":{\"@id\":\"https:\/\/americanmobilitycenter.com\/#\/schema\/logo\/image\/\"}}]}<\/script>\n<!-- \/ Yoast SEO plugin. -->","yoast_head_json":{"title":"Contact us - Summit Services &amp; Supplies","robots":{"index":"index","follow":"follow","max-snippet":"max-snippet:-1","max-image-preview":"max-image-preview:large","max-video-preview":"max-video-preview:-1"},"canonical":"https:\/\/americanmobilitycenter.com\/?page_id=111","og_locale":"en_US","og_type":"article","og_title":"Contact us - Summit Services &amp; Supplies","og_description":"Leave us a message here or call 888-877-2993 Fax 307-316-2910. RX Fax 855-927-3434 email us at info@summitservicesusa.com","og_url":"https:\/\/americanmobilitycenter.com\/?page_id=111","og_site_name":"Summit Services &amp; Supplies","article_modified_time":"2023-11-09T19:31:46+00:00","twitter_card":"summary_large_image","twitter_misc":{"Est. reading time":"1 minute"},"schema":{"@context":"https:\/\/schema.org","@graph":[{"@type":"WebPage","@id":"https:\/\/americanmobilitycenter.com\/?page_id=111","url":"https:\/\/americanmobilitycenter.com\/?page_id=111","name":"Contact us - Summit Services &amp; Supplies","isPartOf":{"@id":"https:\/\/americanmobilitycenter.com\/#website"},"datePublished":"2022-10-04T15:55:45+00:00","dateModified":"2023-11-09T19:31:46+00:00","breadcrumb":{"@id":"https:\/\/americanmobilitycenter.com\/?page_id=111#breadcrumb"},"inLanguage":"en","potentialAction":[{"@type":"ReadAction","target":["https:\/\/americanmobilitycenter.com\/?page_id=111"]}]},{"@type":"BreadcrumbList","@id":"https:\/\/americanmobilitycenter.com\/?page_id=111#breadcrumb","itemListElement":[{"@type":"ListItem","position":1,"name":"Home","item":"https:\/\/americanmobilitycenter.com\/"},{"@type":"ListItem","position":2,"name":"Contact us"}]},{"@type":"WebSite","@id":"https:\/\/americanmobilitycenter.com\/#website","url":"https:\/\/americanmobilitycenter.com\/","name":"Summit Services &amp; Supplies","description":"Your Medical Supplies Wheelchairs Power &amp; Manual","publisher":{"@id":"https:\/\/americanmobilitycenter.com\/#organization"},"potentialAction":[{"@type":"SearchAction","target":{"@type":"EntryPoint","urlTemplate":"https:\/\/americanmobilitycenter.com\/?s={search_term_string}"},"query-input":{"@type":"PropertyValueSpecification","valueRequired":true,"valueName":"search_term_string"}}],"inLanguage":"en"},{"@type":"Organization","@id":"https:\/\/americanmobilitycenter.com\/#organization","name":"Summit Services &amp; Supplies","url":"https:\/\/americanmobilitycenter.com\/","logo":{"@type":"ImageObject","inLanguage":"en","@id":"https:\/\/americanmobilitycenter.com\/#\/schema\/logo\/image\/","url":"https:\/\/americanmobilitycenter.com\/wp-content\/uploads\/2025\/08\/cropped-logowheelchairsummit.png","contentUrl":"https:\/\/americanmobilitycenter.com\/wp-content\/uploads\/2025\/08\/cropped-logowheelchairsummit.png","width":500,"height":412,"caption":"Summit Services &amp; Supplies"},"image":{"@id":"https:\/\/americanmobilitycenter.com\/#\/schema\/logo\/image\/"}}]}},"_links":{"self":[{"href":"https:\/\/americanmobilitycenter.com\/index.php?rest_route=\/wp\/v2\/pages\/111","targetHints":{"allow":["GET"]}}],"collection":[{"href":"https:\/\/americanmobilitycenter.com\/index.php?rest_route=\/wp\/v2\/pages"}],"about":[{"href":"https:\/\/americanmobilitycenter.com\/index.php?rest_route=\/wp\/v2\/types\/page"}],"author":[{"embeddable":true,"href":"https:\/\/americanmobilitycenter.com\/index.php?rest_route=\/wp\/v2\/users\/1"}],"replies":[{"embeddable":true,"href":"https:\/\/americanmobilitycenter.com\/index.php?rest_route=%2Fwp%2Fv2%2Fcomments&post=111"}],"version-history":[{"count":4,"href":"https:\/\/americanmobilitycenter.com\/index.php?rest_route=\/wp\/v2\/pages\/111\/revisions"}],"predecessor-version":[{"id":638,"href":"https:\/\/americanmobilitycenter.com\/index.php?rest_route=\/wp\/v2\/pages\/111\/revisions\/638"}],"wp:attachment":[{"href":"https:\/\/americanmobilitycenter.com\/index.php?rest_route=%2Fwp%2Fv2%2Fmedia&parent=111"}],"curies":[{"name":"wp","href":"https:\/\/api.w.org\/{rel}","templated":true}]}}